{"id":3849,"date":"2025-06-25T23:02:11","date_gmt":"2025-06-25T23:02:11","guid":{"rendered":"https:\/\/fondation.hemaquebec.ca\/benefit-cocktail\/"},"modified":"2025-09-19T16:49:41","modified_gmt":"2025-09-19T16:49:41","slug":"benefit-cocktail","status":"publish","type":"page","link":"https:\/\/fondation.hemaquebec.ca\/en\/benefit-cocktail\/","title":{"rendered":"Benefit cocktail"},"content":{"rendered":"\t\t<div data-elementor-type=\"wp-page\" data-elementor-id=\"3849\" class=\"elementor elementor-3849 elementor-2997\" data-elementor-post-type=\"page\">\n\t\t\t\t<div class=\"elementor-element elementor-element-e938ed0 e-flex e-con-boxed e-con e-parent\" data-id=\"e938ed0\" data-element_type=\"container\" data-e-type=\"container\" data-settings=\"{&quot;background_background&quot;:&quot;classic&quot;}\">\n\t\t\t\t\t<div class=\"e-con-inner\">\n\t\t\t\t<div class=\"elementor-element elementor-element-58a6ab0 elementor-align-center elementor-widget elementor-widget-button\" data-id=\"58a6ab0\" data-element_type=\"widget\" data-e-type=\"widget\" data-widget_type=\"button.default\">\n\t\t\t\t<div class=\"elementor-widget-container\">\n\t\t\t\t\t\t\t\t\t<div class=\"elementor-button-wrapper\">\n\t\t\t\t\t<a class=\"elementor-button elementor-button-link elementor-size-sm\" href=\"#\">\n\t\t\t\t\t\t<span class=\"elementor-button-content-wrapper\">\n\t\t\t\t\t\t\t\t\t<span class=\"elementor-button-text\">past events<\/span>\n\t\t\t\t\t<\/span>\n\t\t\t\t\t<\/a>\n\t\t\t\t<\/div>\n\t\t\t\t\t\t\t\t<\/div>\n\t\t\t\t<\/div>\n\t\t\t\t<div class=\"elementor-element elementor-element-86398a6 elementor-widget__width-initial elementor-widget elementor-widget-heading\" data-id=\"86398a6\" data-element_type=\"widget\" data-e-type=\"widget\" data-widget_type=\"heading.default\">\n\t\t\t\t<div class=\"elementor-widget-container\">\n\t\t\t\t\t<h1 class=\"elementor-heading-title elementor-size-default\">Benefit cocktail<\/h1>\t\t\t\t<\/div>\n\t\t\t\t<\/div>\n\t\t\t\t\t<\/div>\n\t\t\t\t<\/div>\n\t\t<div class=\"elementor-element elementor-element-6ee2e6d e-flex e-con-boxed e-con e-parent\" data-id=\"6ee2e6d\" data-element_type=\"container\" data-e-type=\"container\">\n\t\t\t\t\t<div class=\"e-con-inner\">\n\t\t<div class=\"elementor-element elementor-element-9392a31 e-con-full e-flex e-con e-child\" data-id=\"9392a31\" data-element_type=\"container\" data-e-type=\"container\">\n\t\t\t\t<div class=\"elementor-element elementor-element-0962702 elementor-widget elementor-widget-breadcrumbs\" data-id=\"0962702\" data-element_type=\"widget\" data-e-type=\"widget\" data-widget_type=\"breadcrumbs.default\">\n\t\t\t\t<div class=\"elementor-widget-container\">\n\t\t\t\t\t<p id=\"breadcrumbs\"><span><span><a href=\"https:\/\/fondation.hemaquebec.ca\/en\/\">The Foundation<\/a><\/span><\/span><\/p>\t\t\t\t<\/div>\n\t\t\t\t<\/div>\n\t\t<div class=\"elementor-element elementor-element-5e507e0 e-con-full e-flex e-con e-child\" data-id=\"5e507e0\" data-element_type=\"container\" data-e-type=\"container\" data-settings=\"{&quot;background_background&quot;:&quot;classic&quot;}\">\n\t\t<div class=\"elementor-element elementor-element-0b34bb6 e-con-full e-flex e-con e-child\" data-id=\"0b34bb6\" data-element_type=\"container\" data-e-type=\"container\">\n\t\t\t\t<div class=\"elementor-element elementor-element-7b356c5 elementor-widget elementor-widget-spacer\" data-id=\"7b356c5\" data-element_type=\"widget\" data-e-type=\"widget\" data-widget_type=\"spacer.default\">\n\t\t\t\t<div class=\"elementor-widget-container\">\n\t\t\t\t\t\t\t<div class=\"elementor-spacer\">\n\t\t\t<div class=\"elementor-spacer-inner\"><\/div>\n\t\t<\/div>\n\t\t\t\t\t\t<\/div>\n\t\t\t\t<\/div>\n\t\t\t\t<\/div>\n\t\t\t\t<\/div>\n\t\t\t\t<\/div>\n\t\t\t\t\t<\/div>\n\t\t\t\t<\/div>\n\t\t<div class=\"elementor-element elementor-element-0c47c15 e-flex e-con-boxed e-con e-parent\" data-id=\"0c47c15\" data-element_type=\"container\" data-e-type=\"container\">\n\t\t\t\t\t<div class=\"e-con-inner\">\n\t\t\t\t<div class=\"elementor-element elementor-element-c3efcd6 elementor-widget__width-initial elementor-widget-tablet__width-initial elementor-widget elementor-widget-heading\" data-id=\"c3efcd6\" data-element_type=\"widget\" data-e-type=\"widget\" data-widget_type=\"heading.default\">\n\t\t\t\t<div class=\"elementor-widget-container\">\n\t\t\t\t\t<h2 class=\"elementor-heading-title elementor-size-default\">An exceptional evening.<\/h2>\t\t\t\t<\/div>\n\t\t\t\t<\/div>\n\t\t\t\t<div class=\"elementor-element elementor-element-fbfed93 elementor-widget__width-initial elementor-widget elementor-widget-text-editor\" data-id=\"fbfed93\" data-element_type=\"widget\" data-e-type=\"widget\" data-widget_type=\"text-editor.default\">\n\t\t\t\t<div class=\"elementor-widget-container\">\n\t\t\t\t\t\t\t\t\t<h1>For the future of expectant mothers.<\/h1>\t\t\t\t\t\t\t\t<\/div>\n\t\t\t\t<\/div>\n\t\t<div class=\"elementor-element elementor-element-df1b1ed e-con-full e-flex e-con e-child\" data-id=\"df1b1ed\" data-element_type=\"container\" data-e-type=\"container\">\n\t\t\t\t<div class=\"elementor-element elementor-element-8084edb elementor-widget__width-initial elementor-widget elementor-widget-text-editor\" data-id=\"8084edb\" data-element_type=\"widget\" data-e-type=\"widget\" data-widget_type=\"text-editor.default\">\n\t\t\t\t<div class=\"elementor-widget-container\">\n\t\t\t\t\t\t\t\t\t<div class=\"et_pb_module et_pb_text et_pb_text_3 et_pb_text_align_left et_pb_bg_layout_light\"><div class=\"et_pb_text_inner\"><p>On March 20, the H\u00e9ma-Qu\u00e9bec Foundation was honoured to welcome its guests for a Portuguese gastronomic cocktail at the Ferreira Caf\u00e9.<\/p><p>This exceptional evening was marked by many highlights, including our three inspiring RhD Fetal ambassadors:<\/p><ul><li><strong>Dr. Nancy Robitaille,<\/strong> Vice-President, Transfusion Medicine, H\u00e9ma-Qu\u00e9bec<\/li><li><strong>Dr. Diane Francoeur,<\/strong> Executive Director, Society of Obstetricians and Gynaecologists of Canada<\/li><li><strong>Dr. Catherine Taillefer,<\/strong> Obstetrician-Gynecologist at Sainte-Justine UHC<\/li><\/ul><p>We also had the pleasure of hearing our dear Foundation ambassador, Marie-Chantal Perron, whose commitment and words touched the audience.<\/p><\/div><\/div><div class=\"et_pb_module et_pb_text et_pb_text_4 et_pb_text_align_left et_pb_bg_layout_light\"><div class=\"et_pb_text_inner\"><p class=\"x_MsoNormal\">A project for<\/p><\/div><\/div>\t\t\t\t\t\t\t\t<\/div>\n\t\t\t\t<\/div>\n\t\t\t\t<\/div>\n\t\t\t\t\t<\/div>\n\t\t\t\t<\/div>\n\t\t<div class=\"elementor-element elementor-element-ca33aea e-flex e-con-boxed e-con e-parent\" data-id=\"ca33aea\" data-element_type=\"container\" data-e-type=\"container\">\n\t\t\t\t\t<div class=\"e-con-inner\">\n\t\t\t\t<div class=\"elementor-element elementor-element-ca2ddcf elementor-widget__width-initial elementor-widget elementor-widget-text-editor\" data-id=\"ca2ddcf\" data-element_type=\"widget\" data-e-type=\"widget\" data-widget_type=\"text-editor.default\">\n\t\t\t\t<div class=\"elementor-widget-container\">\n\t\t\t\t\t\t\t\t\t<p>A project for women, by women.<\/p>\t\t\t\t\t\t\t\t<\/div>\n\t\t\t\t<\/div>\n\t\t<div class=\"elementor-element elementor-element-d5d4821 e-con-full e-flex e-con e-child\" data-id=\"d5d4821\" data-element_type=\"container\" data-e-type=\"container\">\n\t\t\t\t<div class=\"elementor-element elementor-element-d651cb8 elementor-widget__width-initial elementor-widget elementor-widget-text-editor\" data-id=\"d651cb8\" data-element_type=\"widget\" data-e-type=\"widget\" data-widget_type=\"text-editor.default\">\n\t\t\t\t<div class=\"elementor-widget-container\">\n\t\t\t\t\t\t\t\t\t<p>Donations raised at this event will help fund the RhD Fetal project, which will provide all expectant mothers in Quebec with an essential test to determine their fetal blood type.<\/p><p>We would like to extend our sincere thanks to all our partners and participants who helped make the evening a success. Your support is invaluable and makes a real difference!<\/p>\t\t\t\t\t\t\t\t<\/div>\n\t\t\t\t<\/div>\n\t\t<div class=\"elementor-element elementor-element-de18aab e-con-full e-flex e-con e-child\" data-id=\"de18aab\" data-element_type=\"container\" data-e-type=\"container\">\n\t\t\t\t<div class=\"elementor-element elementor-element-c62e9e3 elementor-align-left elementor-tablet-align-center elementor-mobile-align-justify elementor-widget-tablet__width-auto elementor-widget-mobile__width-initial elementor-widget elementor-widget-button\" data-id=\"c62e9e3\" data-element_type=\"widget\" data-e-type=\"widget\" data-widget_type=\"button.default\">\n\t\t\t\t<div class=\"elementor-widget-container\">\n\t\t\t\t\t\t\t\t\t<div class=\"elementor-button-wrapper\">\n\t\t\t\t\t<a class=\"elementor-button elementor-button-link elementor-size-sm\" href=\"https:\/\/sarahlatulippephotographe.pixieset.com\/fondationhemaqc_cocktailferreira\/\">\n\t\t\t\t\t\t<span class=\"elementor-button-content-wrapper\">\n\t\t\t\t\t\t\t\t\t<span class=\"elementor-button-text\">Cocktail photo album<\/span>\n\t\t\t\t\t<\/span>\n\t\t\t\t\t<\/a>\n\t\t\t\t<\/div>\n\t\t\t\t\t\t\t\t<\/div>\n\t\t\t\t<\/div>\n\t\t\t\t<\/div>\n\t\t\t\t<\/div>\n\t\t\t\t\t<\/div>\n\t\t\t\t<\/div>\n\t\t<div class=\"elementor-element elementor-element-f1637b7 e-flex e-con-boxed e-con e-parent\" data-id=\"f1637b7\" data-element_type=\"container\" data-e-type=\"container\">\n\t\t\t\t\t<div class=\"e-con-inner\">\n\t\t\t\t<div class=\"elementor-element elementor-element-370b4b5 elementor-align-center elementor-widget elementor-widget-button\" data-id=\"370b4b5\" data-element_type=\"widget\" data-e-type=\"widget\" data-widget_type=\"button.default\">\n\t\t\t\t<div class=\"elementor-widget-container\">\n\t\t\t\t\t\t\t\t\t<div class=\"elementor-button-wrapper\">\n\t\t\t\t\t<a class=\"elementor-button elementor-button-link elementor-size-sm\" href=\"https:\/\/fondation.hemaquebec.ca\/en\/i-give-page\/\">\n\t\t\t\t\t\t<span class=\"elementor-button-content-wrapper\">\n\t\t\t\t\t\t\t\t\t<span class=\"elementor-button-text\">Make a donation<\/span>\n\t\t\t\t\t<\/span>\n\t\t\t\t\t<\/a>\n\t\t\t\t<\/div>\n\t\t\t\t\t\t\t\t<\/div>\n\t\t\t\t<\/div>\n\t\t<div class=\"elementor-element elementor-element-26bd4b4 e-con-full e-flex e-con e-child\" data-id=\"26bd4b4\" data-element_type=\"container\" data-e-type=\"container\" data-settings=\"{&quot;background_background&quot;:&quot;classic&quot;}\">\n\t\t<div class=\"elementor-element elementor-element-fa10404 e-con-full e-flex e-con e-child\" data-id=\"fa10404\" data-element_type=\"container\" data-e-type=\"container\">\n\t\t\t\t<div class=\"elementor-element elementor-element-b05277b elementor-widget__width-initial elementor-widget-tablet__width-initial elementor-widget elementor-widget-heading\" data-id=\"b05277b\" data-element_type=\"widget\" data-e-type=\"widget\" data-widget_type=\"heading.default\">\n\t\t\t\t<div class=\"elementor-widget-container\">\n\t\t\t\t\t<h2 class=\"elementor-heading-title elementor-size-default\">Thanks to all our partners!<\/h2>\t\t\t\t<\/div>\n\t\t\t\t<\/div>\n\t\t<div class=\"elementor-element elementor-element-9dbc4bb e-con-full e-flex e-con e-child\" data-id=\"9dbc4bb\" data-element_type=\"container\" data-e-type=\"container\">\n\t\t\t\t<div class=\"elementor-element elementor-element-8fd488d elementor-widget__width-initial elementor-widget elementor-widget-text-editor\" data-id=\"8fd488d\" data-element_type=\"widget\" data-e-type=\"widget\" data-widget_type=\"text-editor.default\">\n\t\t\t\t<div class=\"elementor-widget-container\">\n\t\t\t\t\t\t\t\t\t<p><strong>Bronze<\/strong> Partner<\/p>\t\t\t\t\t\t\t\t<\/div>\n\t\t\t\t<\/div>\n\t\t\t\t<div class=\"elementor-element elementor-element-d7cca39 elementor-widget-divider--view-line elementor-widget elementor-widget-divider\" data-id=\"d7cca39\" data-element_type=\"widget\" data-e-type=\"widget\" data-widget_type=\"divider.default\">\n\t\t\t\t<div class=\"elementor-widget-container\">\n\t\t\t\t\t\t\t<div class=\"elementor-divider\">\n\t\t\t<span class=\"elementor-divider-separator\">\n\t\t\t\t\t\t<\/span>\n\t\t<\/div>\n\t\t\t\t\t\t<\/div>\n\t\t\t\t<\/div>\n\t\t\t\t<\/div>\n\t\t<div class=\"elementor-element elementor-element-fdf6a67 e-con-full e-flex e-con e-child\" data-id=\"fdf6a67\" data-element_type=\"container\" data-e-type=\"container\" data-settings=\"{&quot;background_background&quot;:&quot;classic&quot;}\">\n\t\t\t\t<div class=\"elementor-element elementor-element-4b4cf54 elementor-widget elementor-widget-image\" data-id=\"4b4cf54\" data-element_type=\"widget\" data-e-type=\"widget\" data-widget_type=\"image.default\">\n\t\t\t\t<div class=\"elementor-widget-container\">\n\t\t\t\t\t\t\t\t\t\t\t\t\t\t\t<img fetchpriority=\"high\" decoding=\"async\" width=\"880\" height=\"518\" src=\"https:\/\/fondation.hemaquebec.ca\/wp-content\/uploads\/2025\/06\/GlobalAlpha_PMS-1.png\" class=\"attachment-full size-full wp-image-3741\" alt=\"\" srcset=\"https:\/\/fondation.hemaquebec.ca\/wp-content\/uploads\/2025\/06\/GlobalAlpha_PMS-1.png 880w, https:\/\/fondation.hemaquebec.ca\/wp-content\/uploads\/2025\/06\/GlobalAlpha_PMS-1-300x177.png 300w, https:\/\/fondation.hemaquebec.ca\/wp-content\/uploads\/2025\/06\/GlobalAlpha_PMS-1-768x452.png 768w\" sizes=\"(max-width: 880px) 100vw, 880px\" \/>\t\t\t\t\t\t\t\t\t\t\t\t\t\t\t<\/div>\n\t\t\t\t<\/div>\n\t\t<div class=\"elementor-element elementor-element-e452790 e-con-full e-flex e-con e-child\" data-id=\"e452790\" data-element_type=\"container\" data-e-type=\"container\">\n\t\t<div class=\"elementor-element elementor-element-9e0f7c0 e-con-full e-flex e-con e-child\" data-id=\"9e0f7c0\" data-element_type=\"container\" data-e-type=\"container\">\n\t\t\t\t<div class=\"elementor-element elementor-element-4d4c8de elementor-widget__width-initial elementor-widget elementor-widget-text-editor\" data-id=\"4d4c8de\" data-element_type=\"widget\" data-e-type=\"widget\" data-widget_type=\"text-editor.default\">\n\t\t\t\t<div class=\"elementor-widget-container\">\n\t\t\t\t\t\t\t\t\t<p><strong>Travel<\/strong> Partners<\/p>\t\t\t\t\t\t\t\t<\/div>\n\t\t\t\t<\/div>\n\t\t\t\t<div class=\"elementor-element elementor-element-4ccc033 elementor-widget-divider--view-line elementor-widget elementor-widget-divider\" data-id=\"4ccc033\" data-element_type=\"widget\" data-e-type=\"widget\" data-widget_type=\"divider.default\">\n\t\t\t\t<div class=\"elementor-widget-container\">\n\t\t\t\t\t\t\t<div class=\"elementor-divider\">\n\t\t\t<span class=\"elementor-divider-separator\">\n\t\t\t\t\t\t<\/span>\n\t\t<\/div>\n\t\t\t\t\t\t<\/div>\n\t\t\t\t<\/div>\n\t\t\t\t<\/div>\n\t\t<div class=\"elementor-element elementor-element-c55859b e-con-full e-grid e-con e-child\" data-id=\"c55859b\" data-element_type=\"container\" data-e-type=\"container\" data-settings=\"{&quot;background_background&quot;:&quot;classic&quot;}\">\n\t\t\t\t<div class=\"elementor-element elementor-element-b77f9f4 elementor-widget elementor-widget-image\" data-id=\"b77f9f4\" data-element_type=\"widget\" data-e-type=\"widget\" data-widget_type=\"image.default\">\n\t\t\t\t<div class=\"elementor-widget-container\">\n\t\t\t\t\t\t\t\t\t\t\t\t\t\t\t<img decoding=\"async\" width=\"1280\" height=\"322\" src=\"https:\/\/fondation.hemaquebec.ca\/wp-content\/uploads\/2025\/06\/Logo_Planete_Courrier_fond_blanc_MC_RGB_FR-1280x322-1.png\" class=\"attachment-full size-full wp-image-3743\" alt=\"\" srcset=\"https:\/\/fondation.hemaquebec.ca\/wp-content\/uploads\/2025\/06\/Logo_Planete_Courrier_fond_blanc_MC_RGB_FR-1280x322-1.png 1280w, https:\/\/fondation.hemaquebec.ca\/wp-content\/uploads\/2025\/06\/Logo_Planete_Courrier_fond_blanc_MC_RGB_FR-1280x322-1-300x75.png 300w, https:\/\/fondation.hemaquebec.ca\/wp-content\/uploads\/2025\/06\/Logo_Planete_Courrier_fond_blanc_MC_RGB_FR-1280x322-1-1024x258.png 1024w, https:\/\/fondation.hemaquebec.ca\/wp-content\/uploads\/2025\/06\/Logo_Planete_Courrier_fond_blanc_MC_RGB_FR-1280x322-1-768x193.png 768w\" sizes=\"(max-width: 1280px) 100vw, 1280px\" \/>\t\t\t\t\t\t\t\t\t\t\t\t\t\t\t<\/div>\n\t\t\t\t<\/div>\n\t\t\t\t<div class=\"elementor-element elementor-element-b7260f5 elementor-widget elementor-widget-image\" data-id=\"b7260f5\" data-element_type=\"widget\" data-e-type=\"widget\" data-widget_type=\"image.default\">\n\t\t\t\t<div class=\"elementor-widget-container\">\n\t\t\t\t\t\t\t\t\t\t\t\t\t\t\t<img decoding=\"async\" src=\"https:\/\/fondation.hemaquebec.ca\/wp-content\/uploads\/2025\/06\/preferred-logo-fr-1280x249-1.png\" title=\"preferred-logo-fr-1280&#215;249\" alt=\"preferred-logo-fr-1280x249\" loading=\"lazy\" \/>\t\t\t\t\t\t\t\t\t\t\t\t\t\t\t<\/div>\n\t\t\t\t<\/div>\n\t\t\t\t<\/div>\n\t\t\t\t<\/div>\n\t\t\t\t<\/div>\n\t\t\t\t<\/div>\n\t\t\t\t<\/div>\n\t\t<div class=\"elementor-element elementor-element-b675d51 e-con-full e-flex e-con e-child\" data-id=\"b675d51\" data-element_type=\"container\" data-e-type=\"container\">\n\t\t\t\t<\/div>\n\t\t\t\t\t<\/div>\n\t\t\t\t<\/div>\n\t\t\t\t<\/div>\n\t\t","protected":false},"excerpt":{"rendered":"<p>past events Benefit cocktail An exceptional evening. For the future of expectant mothers. On March 20, the H\u00e9ma-Qu\u00e9bec Foundation was honoured to welcome its guests for a Portuguese gastronomic cocktail at the Ferreira Caf\u00e9. This exceptional evening was marked by many highlights, including our three inspiring RhD Fetal ambassadors: Dr. Nancy Robitaille, Vice-President, Transfusion Medicine, [&hellip;]<\/p>\n","protected":false},"author":1,"featured_media":0,"parent":0,"menu_order":0,"comment_status":"closed","ping_status":"closed","template":"elementor_header_footer","meta":{"footnotes":""},"class_list":["post-3849","page","type-page","status-publish","hentry"],"yoast_head":"<!-- This site is optimized with the Yoast SEO plugin v27.4 - https:\/\/yoast.com\/product\/yoast-seo-wordpress\/ -->\n<title>Benefit cocktail - Fondation H\u00e9ma Qu\u00e9bec<\/title>\n<meta name=\"description\" content=\"The H\u00e9ma-Qu\u00e9bec Foundation organized a benefit cocktail on March 20, 2025, in support of the Fetal RhD Project.\" \/>\n<meta name=\"robots\" content=\"index, follow, max-snippet:-1, max-image-preview:large, max-video-preview:-1\" \/>\n<link rel=\"canonical\" href=\"https:\/\/fondation.hemaquebec.ca\/en\/benefit-cocktail\/\" \/>\n<meta property=\"og:locale\" content=\"en_US\" \/>\n<meta property=\"og:type\" content=\"article\" \/>\n<meta property=\"og:title\" content=\"Benefit cocktail - Fondation H\u00e9ma Qu\u00e9bec\" \/>\n<meta property=\"og:description\" content=\"The H\u00e9ma-Qu\u00e9bec Foundation organized a benefit cocktail on March 20, 2025, in support of the Fetal RhD Project.\" \/>\n<meta property=\"og:url\" content=\"https:\/\/fondation.hemaquebec.ca\/en\/benefit-cocktail\/\" \/>\n<meta property=\"og:site_name\" content=\"Fondation H\u00e9ma Qu\u00e9bec\" \/>\n<meta property=\"article:modified_time\" content=\"2025-09-19T16:49:41+00:00\" \/>\n<meta property=\"og:image\" content=\"https:\/\/fondation.hemaquebec.ca\/wp-content\/uploads\/2025\/06\/GlobalAlpha_PMS-1.png\" \/>\n\t<meta property=\"og:image:width\" content=\"880\" \/>\n\t<meta property=\"og:image:height\" content=\"518\" \/>\n\t<meta property=\"og:image:type\" content=\"image\/png\" \/>\n<meta name=\"twitter:card\" content=\"summary_large_image\" \/>\n<meta name=\"twitter:label1\" content=\"Est. reading time\" \/>\n\t<meta name=\"twitter:data1\" content=\"2 minutes\" \/>\n<script type=\"application\/ld+json\" class=\"yoast-schema-graph\">{\"@context\":\"https:\\\/\\\/schema.org\",\"@graph\":[{\"@type\":\"WebPage\",\"@id\":\"https:\\\/\\\/fondation.hemaquebec.ca\\\/en\\\/benefit-cocktail\\\/\",\"url\":\"https:\\\/\\\/fondation.hemaquebec.ca\\\/en\\\/benefit-cocktail\\\/\",\"name\":\"Benefit cocktail - Fondation H\u00e9ma Qu\u00e9bec\",\"isPartOf\":{\"@id\":\"https:\\\/\\\/fondation.hemaquebec.ca\\\/en\\\/#website\"},\"primaryImageOfPage\":{\"@id\":\"https:\\\/\\\/fondation.hemaquebec.ca\\\/en\\\/benefit-cocktail\\\/#primaryimage\"},\"image\":{\"@id\":\"https:\\\/\\\/fondation.hemaquebec.ca\\\/en\\\/benefit-cocktail\\\/#primaryimage\"},\"thumbnailUrl\":\"https:\\\/\\\/fondation.hemaquebec.ca\\\/wp-content\\\/uploads\\\/2025\\\/06\\\/GlobalAlpha_PMS-1.png\",\"datePublished\":\"2025-06-25T23:02:11+00:00\",\"dateModified\":\"2025-09-19T16:49:41+00:00\",\"description\":\"The H\u00e9ma-Qu\u00e9bec Foundation organized a benefit cocktail on March 20, 2025, in support of the Fetal RhD Project.\",\"breadcrumb\":{\"@id\":\"https:\\\/\\\/fondation.hemaquebec.ca\\\/en\\\/benefit-cocktail\\\/#breadcrumb\"},\"inLanguage\":\"en-US\",\"potentialAction\":[{\"@type\":\"ReadAction\",\"target\":[\"https:\\\/\\\/fondation.hemaquebec.ca\\\/en\\\/benefit-cocktail\\\/\"]}]},{\"@type\":\"ImageObject\",\"inLanguage\":\"en-US\",\"@id\":\"https:\\\/\\\/fondation.hemaquebec.ca\\\/en\\\/benefit-cocktail\\\/#primaryimage\",\"url\":\"https:\\\/\\\/fondation.hemaquebec.ca\\\/wp-content\\\/uploads\\\/2025\\\/06\\\/GlobalAlpha_PMS-1.png\",\"contentUrl\":\"https:\\\/\\\/fondation.hemaquebec.ca\\\/wp-content\\\/uploads\\\/2025\\\/06\\\/GlobalAlpha_PMS-1.png\"},{\"@type\":\"BreadcrumbList\",\"@id\":\"https:\\\/\\\/fondation.hemaquebec.ca\\\/en\\\/benefit-cocktail\\\/#breadcrumb\",\"itemListElement\":[{\"@type\":\"ListItem\",\"position\":1,\"name\":\"The Foundation\",\"item\":\"https:\\\/\\\/fondation.hemaquebec.ca\\\/en\\\/\"},{\"@type\":\"ListItem\",\"position\":2,\"name\":\"Benefit cocktail\"}]},{\"@type\":\"WebSite\",\"@id\":\"https:\\\/\\\/fondation.hemaquebec.ca\\\/en\\\/#website\",\"url\":\"https:\\\/\\\/fondation.hemaquebec.ca\\\/en\\\/\",\"name\":\"Fondation\",\"description\":\"\",\"publisher\":{\"@id\":\"https:\\\/\\\/fondation.hemaquebec.ca\\\/en\\\/#organization\"},\"potentialAction\":[{\"@type\":\"SearchAction\",\"target\":{\"@type\":\"EntryPoint\",\"urlTemplate\":\"https:\\\/\\\/fondation.hemaquebec.ca\\\/en\\\/?s={search_term_string}\"},\"query-input\":{\"@type\":\"PropertyValueSpecification\",\"valueRequired\":true,\"valueName\":\"search_term_string\"}}],\"inLanguage\":\"en-US\"},{\"@type\":\"Organization\",\"@id\":\"https:\\\/\\\/fondation.hemaquebec.ca\\\/en\\\/#organization\",\"name\":\"Fondation\",\"url\":\"https:\\\/\\\/fondation.hemaquebec.ca\\\/en\\\/\",\"logo\":{\"@type\":\"ImageObject\",\"inLanguage\":\"en-US\",\"@id\":\"https:\\\/\\\/fondation.hemaquebec.ca\\\/en\\\/#\\\/schema\\\/logo\\\/image\\\/\",\"url\":\"https:\\\/\\\/fondation.hemaquebec.ca\\\/wp-content\\\/uploads\\\/2025\\\/04\\\/logo.png\",\"contentUrl\":\"https:\\\/\\\/fondation.hemaquebec.ca\\\/wp-content\\\/uploads\\\/2025\\\/04\\\/logo.png\",\"width\":490,\"height\":184,\"caption\":\"Fondation\"},\"image\":{\"@id\":\"https:\\\/\\\/fondation.hemaquebec.ca\\\/en\\\/#\\\/schema\\\/logo\\\/image\\\/\"}}]}<\/script>\n<!-- \/ Yoast SEO plugin. -->","yoast_head_json":{"title":"Benefit cocktail - Fondation H\u00e9ma Qu\u00e9bec","description":"The H\u00e9ma-Qu\u00e9bec Foundation organized a benefit cocktail on March 20, 2025, in support of the Fetal RhD Project.","robots":{"index":"index","follow":"follow","max-snippet":"max-snippet:-1","max-image-preview":"max-image-preview:large","max-video-preview":"max-video-preview:-1"},"canonical":"https:\/\/fondation.hemaquebec.ca\/en\/benefit-cocktail\/","og_locale":"en_US","og_type":"article","og_title":"Benefit cocktail - Fondation H\u00e9ma Qu\u00e9bec","og_description":"The H\u00e9ma-Qu\u00e9bec Foundation organized a benefit cocktail on March 20, 2025, in support of the Fetal RhD Project.","og_url":"https:\/\/fondation.hemaquebec.ca\/en\/benefit-cocktail\/","og_site_name":"Fondation H\u00e9ma Qu\u00e9bec","article_modified_time":"2025-09-19T16:49:41+00:00","og_image":[{"width":880,"height":518,"url":"https:\/\/fondation.hemaquebec.ca\/wp-content\/uploads\/2025\/06\/GlobalAlpha_PMS-1.png","type":"image\/png"}],"twitter_card":"summary_large_image","twitter_misc":{"Est. reading time":"2 minutes"},"schema":{"@context":"https:\/\/schema.org","@graph":[{"@type":"WebPage","@id":"https:\/\/fondation.hemaquebec.ca\/en\/benefit-cocktail\/","url":"https:\/\/fondation.hemaquebec.ca\/en\/benefit-cocktail\/","name":"Benefit cocktail - Fondation H\u00e9ma Qu\u00e9bec","isPartOf":{"@id":"https:\/\/fondation.hemaquebec.ca\/en\/#website"},"primaryImageOfPage":{"@id":"https:\/\/fondation.hemaquebec.ca\/en\/benefit-cocktail\/#primaryimage"},"image":{"@id":"https:\/\/fondation.hemaquebec.ca\/en\/benefit-cocktail\/#primaryimage"},"thumbnailUrl":"https:\/\/fondation.hemaquebec.ca\/wp-content\/uploads\/2025\/06\/GlobalAlpha_PMS-1.png","datePublished":"2025-06-25T23:02:11+00:00","dateModified":"2025-09-19T16:49:41+00:00","description":"The H\u00e9ma-Qu\u00e9bec Foundation organized a benefit cocktail on March 20, 2025, in support of the Fetal RhD Project.","breadcrumb":{"@id":"https:\/\/fondation.hemaquebec.ca\/en\/benefit-cocktail\/#breadcrumb"},"inLanguage":"en-US","potentialAction":[{"@type":"ReadAction","target":["https:\/\/fondation.hemaquebec.ca\/en\/benefit-cocktail\/"]}]},{"@type":"ImageObject","inLanguage":"en-US","@id":"https:\/\/fondation.hemaquebec.ca\/en\/benefit-cocktail\/#primaryimage","url":"https:\/\/fondation.hemaquebec.ca\/wp-content\/uploads\/2025\/06\/GlobalAlpha_PMS-1.png","contentUrl":"https:\/\/fondation.hemaquebec.ca\/wp-content\/uploads\/2025\/06\/GlobalAlpha_PMS-1.png"},{"@type":"BreadcrumbList","@id":"https:\/\/fondation.hemaquebec.ca\/en\/benefit-cocktail\/#breadcrumb","itemListElement":[{"@type":"ListItem","position":1,"name":"The Foundation","item":"https:\/\/fondation.hemaquebec.ca\/en\/"},{"@type":"ListItem","position":2,"name":"Benefit cocktail"}]},{"@type":"WebSite","@id":"https:\/\/fondation.hemaquebec.ca\/en\/#website","url":"https:\/\/fondation.hemaquebec.ca\/en\/","name":"Fondation","description":"","publisher":{"@id":"https:\/\/fondation.hemaquebec.ca\/en\/#organization"},"potentialAction":[{"@type":"SearchAction","target":{"@type":"EntryPoint","urlTemplate":"https:\/\/fondation.hemaquebec.ca\/en\/?s={search_term_string}"},"query-input":{"@type":"PropertyValueSpecification","valueRequired":true,"valueName":"search_term_string"}}],"inLanguage":"en-US"},{"@type":"Organization","@id":"https:\/\/fondation.hemaquebec.ca\/en\/#organization","name":"Fondation","url":"https:\/\/fondation.hemaquebec.ca\/en\/","logo":{"@type":"ImageObject","inLanguage":"en-US","@id":"https:\/\/fondation.hemaquebec.ca\/en\/#\/schema\/logo\/image\/","url":"https:\/\/fondation.hemaquebec.ca\/wp-content\/uploads\/2025\/04\/logo.png","contentUrl":"https:\/\/fondation.hemaquebec.ca\/wp-content\/uploads\/2025\/04\/logo.png","width":490,"height":184,"caption":"Fondation"},"image":{"@id":"https:\/\/fondation.hemaquebec.ca\/en\/#\/schema\/logo\/image\/"}}]}},"_links":{"self":[{"href":"https:\/\/fondation.hemaquebec.ca\/en\/wp-json\/wp\/v2\/pages\/3849","targetHints":{"allow":["GET"]}}],"collection":[{"href":"https:\/\/fondation.hemaquebec.ca\/en\/wp-json\/wp\/v2\/pages"}],"about":[{"href":"https:\/\/fondation.hemaquebec.ca\/en\/wp-json\/wp\/v2\/types\/page"}],"author":[{"embeddable":true,"href":"https:\/\/fondation.hemaquebec.ca\/en\/wp-json\/wp\/v2\/users\/1"}],"replies":[{"embeddable":true,"href":"https:\/\/fondation.hemaquebec.ca\/en\/wp-json\/wp\/v2\/comments?post=3849"}],"version-history":[{"count":8,"href":"https:\/\/fondation.hemaquebec.ca\/en\/wp-json\/wp\/v2\/pages\/3849\/revisions"}],"predecessor-version":[{"id":5078,"href":"https:\/\/fondation.hemaquebec.ca\/en\/wp-json\/wp\/v2\/pages\/3849\/revisions\/5078"}],"wp:attachment":[{"href":"https:\/\/fondation.hemaquebec.ca\/en\/wp-json\/wp\/v2\/media?parent=3849"}],"curies":[{"name":"wp","href":"https:\/\/api.w.org\/{rel}","templated":true}]}}