{"id":3821,"date":"2025-06-26T20:44:08","date_gmt":"2025-06-26T20:44:08","guid":{"rendered":"https:\/\/fondation.hemaquebec.ca\/many-ways-to-give\/"},"modified":"2025-09-10T22:33:16","modified_gmt":"2025-09-10T22:33:16","slug":"contact","status":"publish","type":"page","link":"https:\/\/fondation.hemaquebec.ca\/en\/contact\/","title":{"rendered":"Contact"},"content":{"rendered":"\t\t<div data-elementor-type=\"wp-page\" data-elementor-id=\"3821\" class=\"elementor elementor-3821 elementor-3205\" data-elementor-post-type=\"page\">\n\t\t\t\t<div class=\"elementor-element elementor-element-fb25a38 e-flex e-con-boxed e-con e-parent\" data-id=\"fb25a38\" data-element_type=\"container\" data-e-type=\"container\" data-settings=\"{&quot;background_background&quot;:&quot;classic&quot;}\">\n\t\t\t\t\t<div class=\"e-con-inner\">\n\t\t\t\t<div class=\"elementor-element elementor-element-abf5c42 elementor-widget__width-initial elementor-widget elementor-widget-heading\" data-id=\"abf5c42\" data-element_type=\"widget\" data-e-type=\"widget\" data-widget_type=\"heading.default\">\n\t\t\t\t<div class=\"elementor-widget-container\">\n\t\t\t\t\t<h1 class=\"elementor-heading-title elementor-size-default\">Join us<\/h1>\t\t\t\t<\/div>\n\t\t\t\t<\/div>\n\t\t\t\t\t<\/div>\n\t\t\t\t<\/div>\n\t\t<div class=\"elementor-element elementor-element-7b325b00 e-con-full e-flex e-con e-parent\" data-id=\"7b325b00\" data-element_type=\"container\" data-e-type=\"container\" data-settings=\"{&quot;background_background&quot;:&quot;classic&quot;}\">\n\t\t<div class=\"elementor-element elementor-element-289e4f05 e-con-full e-flex e-con e-child\" data-id=\"289e4f05\" data-element_type=\"container\" data-e-type=\"container\">\n\t\t\t\t<div class=\"elementor-element elementor-element-c9f06a8 elementor-widget elementor-widget-heading\" data-id=\"c9f06a8\" data-element_type=\"widget\" data-e-type=\"widget\" data-widget_type=\"heading.default\">\n\t\t\t\t<div class=\"elementor-widget-container\">\n\t\t\t\t\t<h2 class=\"elementor-heading-title elementor-size-default\">We'd love to hear from you!\n<\/h2>\t\t\t\t<\/div>\n\t\t\t\t<\/div>\n\t\t\t\t<div class=\"elementor-element elementor-element-55a9b1be elementor-button-align-start elementor-mobile-button-align-center elementor-widget elementor-widget-form\" data-id=\"55a9b1be\" data-element_type=\"widget\" data-e-type=\"widget\" data-settings=\"{&quot;step_next_label&quot;:&quot;Next&quot;,&quot;step_previous_label&quot;:&quot;Previous&quot;,&quot;button_width&quot;:&quot;100&quot;,&quot;step_type&quot;:&quot;number_text&quot;,&quot;step_icon_shape&quot;:&quot;circle&quot;}\" data-widget_type=\"form.default\">\n\t\t\t\t<div class=\"elementor-widget-container\">\n\t\t\t\t\t\t\t<form class=\"elementor-form\" method=\"post\" name=\"New Form\" aria-label=\"New Form\">\n\t\t\t<input type=\"hidden\" name=\"post_id\" value=\"3821\"\/>\n\t\t\t<input type=\"hidden\" name=\"form_id\" value=\"55a9b1be\"\/>\n\t\t\t<input type=\"hidden\" name=\"referer_title\" value=\"Contact - Fondation H\u00e9ma Qu\u00e9bec\" \/>\n\n\t\t\t\t\t\t\t<input type=\"hidden\" name=\"queried_id\" value=\"3821\"\/>\n\t\t\t\n\t\t\t<div class=\"elementor-form-fields-wrapper elementor-labels-\">\n\t\t\t\t\t\t\t\t<div class=\"elementor-field-type-text elementor-field-group elementor-column elementor-field-group-name elementor-col-100\">\n\t\t\t\t\t\t\t\t\t\t\t\t<label for=\"form-field-name\" class=\"elementor-field-label elementor-screen-only\">\n\t\t\t\t\t\t\t\tFirst Name\t\t\t\t\t\t\t<\/label>\n\t\t\t\t\t\t\t\t\t\t\t\t\t\t<input size=\"1\" type=\"text\" name=\"form_fields[name]\" id=\"form-field-name\" class=\"elementor-field elementor-size-md  elementor-field-textual\" placeholder=\"First name\">\n\t\t\t\t\t\t\t\t\t\t\t<\/div>\n\t\t\t\t\t\t\t\t<div class=\"elementor-field-type-email elementor-field-group elementor-column elementor-field-group-email elementor-col-100 elementor-field-required\">\n\t\t\t\t\t\t\t\t\t\t\t\t<label for=\"form-field-email\" class=\"elementor-field-label elementor-screen-only\">\n\t\t\t\t\t\t\t\tEmail\t\t\t\t\t\t\t<\/label>\n\t\t\t\t\t\t\t\t\t\t\t\t\t\t<input size=\"1\" type=\"email\" name=\"form_fields[email]\" id=\"form-field-email\" class=\"elementor-field elementor-size-md  elementor-field-textual\" placeholder=\"Email* to\" required=\"required\">\n\t\t\t\t\t\t\t\t\t\t\t<\/div>\n\t\t\t\t\t\t\t\t<div class=\"elementor-field-type-textarea elementor-field-group elementor-column elementor-field-group-field_2561708 elementor-col-100\">\n\t\t\t\t\t<textarea class=\"elementor-field-textual elementor-field  elementor-size-md\" name=\"form_fields[field_2561708]\" id=\"form-field-field_2561708\" rows=\"5\" placeholder=\"Your message\"><\/textarea>\t\t\t\t<\/div>\n\t\t\t\t\t\t\t\t<div class=\"elementor-field-group elementor-column elementor-field-type-submit elementor-col-100 e-form__buttons\">\n\t\t\t\t\t<button class=\"elementor-button elementor-size-md elementor-animation-grow\" type=\"submit\">\n\t\t\t\t\t\t<span class=\"elementor-button-content-wrapper\">\n\t\t\t\t\t\t\t\t\t\t\t\t\t\t\t\t\t\t\t\t\t\t<span class=\"elementor-button-text\">Submit<\/span>\n\t\t\t\t\t\t\t\t\t\t\t\t\t<\/span>\n\t\t\t\t\t<\/button>\n\t\t\t\t<\/div>\n\t\t\t<\/div>\n\t\t<\/form>\n\t\t\t\t\t\t<\/div>\n\t\t\t\t<\/div>\n\t\t\t\t<\/div>\n\t\t<div class=\"elementor-element elementor-element-1993252a e-con-full e-flex e-con e-child\" data-id=\"1993252a\" data-element_type=\"container\" data-e-type=\"container\">\n\t\t<div class=\"elementor-element elementor-element-c1646fb e-con-full e-flex e-con e-child\" data-id=\"c1646fb\" data-element_type=\"container\" data-e-type=\"container\">\n\t\t\t\t<div class=\"elementor-element elementor-element-4dae678 elementor-widget-mobile__width-inherit elementor-widget__width-initial elementor-widget elementor-widget-icon-box\" data-id=\"4dae678\" data-element_type=\"widget\" data-e-type=\"widget\" data-widget_type=\"icon-box.default\">\n\t\t\t\t<div class=\"elementor-widget-container\">\n\t\t\t\t\t\t\t<div class=\"elementor-icon-box-wrapper\">\n\n\t\t\t\n\t\t\t\t\t\t<div class=\"elementor-icon-box-content\">\n\n\t\t\t\t\t\t\t\t\t<p class=\"elementor-icon-box-title\">\n\t\t\t\t\t\t<span  >\n\t\t\t\t\t\t\tH\u00e9ma-Qu\u00e9bec Foundation\t\t\t\t\t\t<\/span>\n\t\t\t\t\t<\/p>\n\t\t\t\t\n\t\t\t\t\t\t\t\t\t<p class=\"elementor-icon-box-description\">\n\t\t\t\t\t\t4045 C\u00f4te-Vertu Boulevard\nMontr\u00e9al, Qu\u00e9bec\nH4R 2W7\t\t\t\t\t<\/p>\n\t\t\t\t\n\t\t\t<\/div>\n\t\t\t\n\t\t<\/div>\n\t\t\t\t\t\t<\/div>\n\t\t\t\t<\/div>\n\t\t\t\t<div class=\"elementor-element elementor-element-e108adc elementor-widget__width-initial elementor-widget-mobile__width-inherit elementor-widget elementor-widget-icon-box\" data-id=\"e108adc\" data-element_type=\"widget\" data-e-type=\"widget\" data-widget_type=\"icon-box.default\">\n\t\t\t\t<div class=\"elementor-widget-container\">\n\t\t\t\t\t\t\t<div class=\"elementor-icon-box-wrapper\">\n\n\t\t\t\n\t\t\t\t\t\t<div class=\"elementor-icon-box-content\">\n\n\t\t\t\t\t\t\t\t\t<p class=\"elementor-icon-box-title\">\n\t\t\t\t\t\t<span  >\n\t\t\t\t\t\t\tE-mail\t\t\t\t\t\t<\/span>\n\t\t\t\t\t<\/p>\n\t\t\t\t\n\t\t\t\t\t\t\t\t\t<p class=\"elementor-icon-box-description\">\n\t\t\t\t\t\tfondation@hema-quebec.qc.ca\t\t\t\t\t<\/p>\n\t\t\t\t\n\t\t\t<\/div>\n\t\t\t\n\t\t<\/div>\n\t\t\t\t\t\t<\/div>\n\t\t\t\t<\/div>\n\t\t\t\t<div class=\"elementor-element elementor-element-7357179 elementor-widget__width-initial elementor-widget-mobile__width-inherit elementor-widget elementor-widget-icon-box\" data-id=\"7357179\" data-element_type=\"widget\" data-e-type=\"widget\" data-widget_type=\"icon-box.default\">\n\t\t\t\t<div class=\"elementor-widget-container\">\n\t\t\t\t\t\t\t<div class=\"elementor-icon-box-wrapper\">\n\n\t\t\t\n\t\t\t\t\t\t<div class=\"elementor-icon-box-content\">\n\n\t\t\t\t\t\t\t\t\t<h3 class=\"elementor-icon-box-title\">\n\t\t\t\t\t\t<span  >\n\t\t\t\t\t\t\tPhone\t\t\t\t\t\t<\/span>\n\t\t\t\t\t<\/h3>\n\t\t\t\t\n\t\t\t\t\t\t\t\t\t<p class=\"elementor-icon-box-description\">\n\t\t\t\t\t\t514 -832-5000 ext. 6150\t\t\t\t\t<\/p>\n\t\t\t\t\n\t\t\t<\/div>\n\t\t\t\n\t\t<\/div>\n\t\t\t\t\t\t<\/div>\n\t\t\t\t<\/div>\n\t\t\t\t<\/div>\n\t\t\t\t<\/div>\n\t\t\t\t<\/div>\n\t\t\t\t<\/div>\n\t\t","protected":false},"excerpt":{"rendered":"<p>Join us We&#8217;d love to hear from you! H\u00e9ma-Qu\u00e9bec Foundation 4045 C\u00f4te-Vertu Boulevard Montr\u00e9al, Qu\u00e9bec H4R 2W7 E-mail fondation@hema-quebec.qc.ca Phone 514 -832-5000 ext. 6150<\/p>\n","protected":false},"author":1,"featured_media":0,"parent":0,"menu_order":0,"comment_status":"closed","ping_status":"closed","template":"elementor_header_footer","meta":{"footnotes":""},"class_list":["post-3821","page","type-page","status-publish","hentry"],"yoast_head":"<!-- This site is optimized with the Yoast SEO plugin v27.4 - https:\/\/yoast.com\/product\/yoast-seo-wordpress\/ -->\n<title>Contact - Fondation H\u00e9ma Qu\u00e9bec<\/title>\n<meta name=\"robots\" content=\"index, follow, max-snippet:-1, max-image-preview:large, max-video-preview:-1\" \/>\n<link rel=\"canonical\" href=\"https:\/\/fondation.hemaquebec.ca\/en\/contact\/\" \/>\n<meta property=\"og:locale\" content=\"en_US\" \/>\n<meta property=\"og:type\" content=\"article\" \/>\n<meta property=\"og:title\" content=\"Contact - Fondation H\u00e9ma Qu\u00e9bec\" \/>\n<meta property=\"og:description\" content=\"Join us We&#8217;d love to hear from you! H\u00e9ma-Qu\u00e9bec Foundation 4045 C\u00f4te-Vertu Boulevard Montr\u00e9al, Qu\u00e9bec H4R 2W7 E-mail fondation@hema-quebec.qc.ca Phone 514 -832-5000 ext. 6150\" \/>\n<meta property=\"og:url\" content=\"https:\/\/fondation.hemaquebec.ca\/en\/contact\/\" \/>\n<meta property=\"og:site_name\" content=\"Fondation H\u00e9ma Qu\u00e9bec\" \/>\n<meta property=\"article:modified_time\" content=\"2025-09-10T22:33:16+00:00\" \/>\n<meta name=\"twitter:card\" content=\"summary_large_image\" \/>\n<meta name=\"twitter:label1\" content=\"Est. reading time\" \/>\n\t<meta name=\"twitter:data1\" content=\"1 minute\" \/>\n<script type=\"application\/ld+json\" class=\"yoast-schema-graph\">{\"@context\":\"https:\\\/\\\/schema.org\",\"@graph\":[{\"@type\":\"WebPage\",\"@id\":\"https:\\\/\\\/fondation.hemaquebec.ca\\\/en\\\/contact\\\/\",\"url\":\"https:\\\/\\\/fondation.hemaquebec.ca\\\/en\\\/contact\\\/\",\"name\":\"Contact - Fondation H\u00e9ma Qu\u00e9bec\",\"isPartOf\":{\"@id\":\"https:\\\/\\\/fondation.hemaquebec.ca\\\/en\\\/#website\"},\"datePublished\":\"2025-06-26T20:44:08+00:00\",\"dateModified\":\"2025-09-10T22:33:16+00:00\",\"breadcrumb\":{\"@id\":\"https:\\\/\\\/fondation.hemaquebec.ca\\\/en\\\/contact\\\/#breadcrumb\"},\"inLanguage\":\"en-US\",\"potentialAction\":[{\"@type\":\"ReadAction\",\"target\":[\"https:\\\/\\\/fondation.hemaquebec.ca\\\/en\\\/contact\\\/\"]}]},{\"@type\":\"BreadcrumbList\",\"@id\":\"https:\\\/\\\/fondation.hemaquebec.ca\\\/en\\\/contact\\\/#breadcrumb\",\"itemListElement\":[{\"@type\":\"ListItem\",\"position\":1,\"name\":\"The Foundation\",\"item\":\"https:\\\/\\\/fondation.hemaquebec.ca\\\/en\\\/\"},{\"@type\":\"ListItem\",\"position\":2,\"name\":\"Contact\"}]},{\"@type\":\"WebSite\",\"@id\":\"https:\\\/\\\/fondation.hemaquebec.ca\\\/en\\\/#website\",\"url\":\"https:\\\/\\\/fondation.hemaquebec.ca\\\/en\\\/\",\"name\":\"Fondation\",\"description\":\"\",\"publisher\":{\"@id\":\"https:\\\/\\\/fondation.hemaquebec.ca\\\/en\\\/#organization\"},\"potentialAction\":[{\"@type\":\"SearchAction\",\"target\":{\"@type\":\"EntryPoint\",\"urlTemplate\":\"https:\\\/\\\/fondation.hemaquebec.ca\\\/en\\\/?s={search_term_string}\"},\"query-input\":{\"@type\":\"PropertyValueSpecification\",\"valueRequired\":true,\"valueName\":\"search_term_string\"}}],\"inLanguage\":\"en-US\"},{\"@type\":\"Organization\",\"@id\":\"https:\\\/\\\/fondation.hemaquebec.ca\\\/en\\\/#organization\",\"name\":\"Fondation\",\"url\":\"https:\\\/\\\/fondation.hemaquebec.ca\\\/en\\\/\",\"logo\":{\"@type\":\"ImageObject\",\"inLanguage\":\"en-US\",\"@id\":\"https:\\\/\\\/fondation.hemaquebec.ca\\\/en\\\/#\\\/schema\\\/logo\\\/image\\\/\",\"url\":\"https:\\\/\\\/fondation.hemaquebec.ca\\\/wp-content\\\/uploads\\\/2025\\\/04\\\/logo.png\",\"contentUrl\":\"https:\\\/\\\/fondation.hemaquebec.ca\\\/wp-content\\\/uploads\\\/2025\\\/04\\\/logo.png\",\"width\":490,\"height\":184,\"caption\":\"Fondation\"},\"image\":{\"@id\":\"https:\\\/\\\/fondation.hemaquebec.ca\\\/en\\\/#\\\/schema\\\/logo\\\/image\\\/\"}}]}<\/script>\n<!-- \/ Yoast SEO plugin. -->","yoast_head_json":{"title":"Contact - Fondation H\u00e9ma Qu\u00e9bec","robots":{"index":"index","follow":"follow","max-snippet":"max-snippet:-1","max-image-preview":"max-image-preview:large","max-video-preview":"max-video-preview:-1"},"canonical":"https:\/\/fondation.hemaquebec.ca\/en\/contact\/","og_locale":"en_US","og_type":"article","og_title":"Contact - Fondation H\u00e9ma Qu\u00e9bec","og_description":"Join us We&#8217;d love to hear from you! H\u00e9ma-Qu\u00e9bec Foundation 4045 C\u00f4te-Vertu Boulevard Montr\u00e9al, Qu\u00e9bec H4R 2W7 E-mail fondation@hema-quebec.qc.ca Phone 514 -832-5000 ext. 6150","og_url":"https:\/\/fondation.hemaquebec.ca\/en\/contact\/","og_site_name":"Fondation H\u00e9ma Qu\u00e9bec","article_modified_time":"2025-09-10T22:33:16+00:00","twitter_card":"summary_large_image","twitter_misc":{"Est. reading time":"1 minute"},"schema":{"@context":"https:\/\/schema.org","@graph":[{"@type":"WebPage","@id":"https:\/\/fondation.hemaquebec.ca\/en\/contact\/","url":"https:\/\/fondation.hemaquebec.ca\/en\/contact\/","name":"Contact - Fondation H\u00e9ma Qu\u00e9bec","isPartOf":{"@id":"https:\/\/fondation.hemaquebec.ca\/en\/#website"},"datePublished":"2025-06-26T20:44:08+00:00","dateModified":"2025-09-10T22:33:16+00:00","breadcrumb":{"@id":"https:\/\/fondation.hemaquebec.ca\/en\/contact\/#breadcrumb"},"inLanguage":"en-US","potentialAction":[{"@type":"ReadAction","target":["https:\/\/fondation.hemaquebec.ca\/en\/contact\/"]}]},{"@type":"BreadcrumbList","@id":"https:\/\/fondation.hemaquebec.ca\/en\/contact\/#breadcrumb","itemListElement":[{"@type":"ListItem","position":1,"name":"The Foundation","item":"https:\/\/fondation.hemaquebec.ca\/en\/"},{"@type":"ListItem","position":2,"name":"Contact"}]},{"@type":"WebSite","@id":"https:\/\/fondation.hemaquebec.ca\/en\/#website","url":"https:\/\/fondation.hemaquebec.ca\/en\/","name":"Fondation","description":"","publisher":{"@id":"https:\/\/fondation.hemaquebec.ca\/en\/#organization"},"potentialAction":[{"@type":"SearchAction","target":{"@type":"EntryPoint","urlTemplate":"https:\/\/fondation.hemaquebec.ca\/en\/?s={search_term_string}"},"query-input":{"@type":"PropertyValueSpecification","valueRequired":true,"valueName":"search_term_string"}}],"inLanguage":"en-US"},{"@type":"Organization","@id":"https:\/\/fondation.hemaquebec.ca\/en\/#organization","name":"Fondation","url":"https:\/\/fondation.hemaquebec.ca\/en\/","logo":{"@type":"ImageObject","inLanguage":"en-US","@id":"https:\/\/fondation.hemaquebec.ca\/en\/#\/schema\/logo\/image\/","url":"https:\/\/fondation.hemaquebec.ca\/wp-content\/uploads\/2025\/04\/logo.png","contentUrl":"https:\/\/fondation.hemaquebec.ca\/wp-content\/uploads\/2025\/04\/logo.png","width":490,"height":184,"caption":"Fondation"},"image":{"@id":"https:\/\/fondation.hemaquebec.ca\/en\/#\/schema\/logo\/image\/"}}]}},"_links":{"self":[{"href":"https:\/\/fondation.hemaquebec.ca\/en\/wp-json\/wp\/v2\/pages\/3821","targetHints":{"allow":["GET"]}}],"collection":[{"href":"https:\/\/fondation.hemaquebec.ca\/en\/wp-json\/wp\/v2\/pages"}],"about":[{"href":"https:\/\/fondation.hemaquebec.ca\/en\/wp-json\/wp\/v2\/types\/page"}],"author":[{"embeddable":true,"href":"https:\/\/fondation.hemaquebec.ca\/en\/wp-json\/wp\/v2\/users\/1"}],"replies":[{"embeddable":true,"href":"https:\/\/fondation.hemaquebec.ca\/en\/wp-json\/wp\/v2\/comments?post=3821"}],"version-history":[{"count":6,"href":"https:\/\/fondation.hemaquebec.ca\/en\/wp-json\/wp\/v2\/pages\/3821\/revisions"}],"predecessor-version":[{"id":4867,"href":"https:\/\/fondation.hemaquebec.ca\/en\/wp-json\/wp\/v2\/pages\/3821\/revisions\/4867"}],"wp:attachment":[{"href":"https:\/\/fondation.hemaquebec.ca\/en\/wp-json\/wp\/v2\/media?parent=3821"}],"curies":[{"name":"wp","href":"https:\/\/api.w.org\/{rel}","templated":true}]}}